{"id":1628,"date":"2026-02-12T12:54:36","date_gmt":"2026-02-12T12:54:36","guid":{"rendered":"https:\/\/brunomusician.com\/bio\/"},"modified":"2026-03-05T21:41:00","modified_gmt":"2026-03-05T21:41:00","slug":"bio","status":"publish","type":"page","link":"https:\/\/brunomusician.com\/fr\/bio\/","title":{"rendered":"Bio"},"content":{"rendered":"\t\t<div data-elementor-type=\"wp-page\" data-elementor-id=\"1628\" class=\"elementor elementor-1628 elementor-10\" data-elementor-post-type=\"page\">\n\t\t\t\t<div class=\"elementor-element elementor-element-b3e76a2 e-flex e-con-boxed e-con e-parent\" data-id=\"b3e76a2\" data-element_type=\"container\" data-e-type=\"container\" data-settings=\"{&quot;background_background&quot;:&quot;classic&quot;}\">\n\t\t\t\t\t<div class=\"e-con-inner\">\n\t\t<div class=\"elementor-element elementor-element-155cf9d e-con-full e-flex e-con e-child\" data-id=\"155cf9d\" data-element_type=\"container\" data-e-type=\"container\">\n\t\t<div class=\"elementor-element elementor-element-00d2f11 e-con-full e-flex e-con e-child\" data-id=\"00d2f11\" data-element_type=\"container\" data-e-type=\"container\" data-settings=\"{&quot;background_background&quot;:&quot;classic&quot;}\">\n\t\t\t\t<div class=\"elementor-element elementor-element-0307864 elementor-widget__width-inherit elementor-widget elementor-widget-heading\" data-id=\"0307864\" data-element_type=\"widget\" data-e-type=\"widget\" data-widget_type=\"heading.default\">\n\t\t\t\t\t<h2 class=\"elementor-heading-title elementor-size-default\">Biographie<\/h2>\t\t\t\t<\/div>\n\t\t\t\t<div class=\"elementor-element elementor-element-cc659ec elementor-widget__width-inherit elementor-widget elementor-widget-heading\" data-id=\"cc659ec\" data-element_type=\"widget\" data-e-type=\"widget\" data-widget_type=\"heading.default\">\n\t\t\t\t\t<h2 class=\"elementor-heading-title elementor-size-default\">BRUNO FERREI\uf001\n<\/h2>\t\t\t\t<\/div>\n\t\t\t\t<div class=\"elementor-element elementor-element-03e40e8 elementor-widget__width-inherit elementor-widget elementor-widget-text-editor\" data-id=\"03e40e8\" data-element_type=\"widget\" data-e-type=\"widget\" data-widget_type=\"text-editor.default\">\n\t\t\t\t\t\t\t\t\t<p>Percussionniste \u00b7 Batteur \u00b7 Compositeur \u00b7 Enseignant<\/p>\t\t\t\t\t\t\t\t<\/div>\n\t\t\t\t<div class=\"elementor-element elementor-element-a64421f elementor-widget__width-inherit elementor-hidden-desktop elementor-hidden-tablet elementor-hidden-mobile elementor-widget elementor-widget-text-editor\" data-id=\"a64421f\" data-element_type=\"widget\" data-e-type=\"widget\" data-widget_type=\"text-editor.default\">\n\t\t\t\t\t\t\t\t\t<p>Percussionniste \u00b7 Batteur \u00b7\u00a0Compositeur \u00b7 Enseignant<\/p>\t\t\t\t\t\t\t\t<\/div>\n\t\t\t\t<div class=\"elementor-element elementor-element-4a4bbca elementor-widget__width-inherit elementor-widget elementor-widget-text-editor\" data-id=\"4a4bbca\" data-element_type=\"widget\" data-e-type=\"widget\" data-widget_type=\"text-editor.default\">\n\t\t\t\t\t\t\t\t\t<p data-start=\"154\" data-end=\"594\">N\u00e9 dans une r\u00e9gion verdoyante et fertile du Portugal, mon lien avec la musique s\u2019est tiss\u00e9 tr\u00e8s t\u00f4t. D\u00e8s l\u2019enfance, j\u2019ai \u00e9t\u00e9 fascin\u00e9 par le son et le rythme, explorant des instruments tels que le piano, l\u2019orgue et le marimba, guid\u00e9 par une profonde curiosit\u00e9 pour le myst\u00e8re de la musique et sa puissance \u00e9motionnelle.<\/p><p data-start=\"596\" data-end=\"880\">\u00c0 l\u2019\u00e2ge de 14 ans, j\u2019ai entam\u00e9 ma formation de percussionniste \u00e0 l\u2019Ecole Professionnelle de Musique d\u2019Espinho, au Portugal. La musique classique a jou\u00e9 un r\u00f4le essentiel dans le d\u00e9veloppement de ma sensibilit\u00e9 musicale, affinant mon oreille, mon sens de la nuance et mon expressivit\u00e9.<\/p><p data-start=\"882\" data-end=\"1258\">Par la suite, je me suis install\u00e9 en Suisse, o\u00f9 j\u2019ai \u00e9tudi\u00e9 le piano et la batterie au Conservatoire de Montreux, puis \u00e0 l\u2019EJMA de Lausanne. C\u2019est l\u00e0 que j\u2019ai d\u00e9couvert le jazz \u2014 un v\u00e9ritable tournant dans mon parcours musical. Ses grooves complexes, sa libert\u00e9 d\u2019expression et ses possibilit\u00e9s infinies ont profond\u00e9ment r\u00e9sonn\u00e9 en moi et ouvert de nouveaux horizons cr\u00e9atifs.<\/p><p data-start=\"1260\" data-end=\"1719\">J\u2019ai ensuite obtenu un Bachelor en batterie jazz \u00e0 la Haute Ecole de Musique de Lausanne (HEMU), suivi d\u2019un Master en interpr\u00e9tation et composition musicale ainsi que d\u2019un Master en p\u00e9dagogie musicale. Tout au long de mes \u00e9tudes, j\u2019ai explor\u00e9 un large \u00e9ventail de styles et de techniques, d\u00e9veloppant une approche ouverte et polyvalente de l\u2019interpr\u00e9tation et de la composition, tandis que les rythmes et les harmonies des musiques du monde restent une source d\u2019inspiration constante.<\/p><p data-start=\"1721\" data-end=\"2155\">Au fil des ann\u00e9es, j\u2019ai particip\u00e9 \u00e0 de nombreux projets culturels et artistiques, me produisant en Suisse et \u00e0 l\u2019\u00e9tranger et partageant ma musique avec des publics vari\u00e9s. Parall\u00e8lement \u00e0 mes activit\u00e9s de sc\u00e8ne, l\u2019enseignement a toujours occup\u00e9 une place importante dans mon parcours. Depuis 2012, j\u2019enseigne les percussions et la batterie dans diff\u00e9rentes \u00e9coles de musique et j\u2019anime r\u00e9guli\u00e8rement des ateliers et des masterclasses.<\/p><p data-start=\"2157\" data-end=\"2470\">Aujourd\u2019hui, je poursuis mon activit\u00e9 comme artiste et p\u00e9dagogue ind\u00e9pendant, donnant des concerts, des ateliers et des masterclasses en Suisse et \u00e0 l\u2019international. Mon orientation artistique actuelle se concentre particuli\u00e8rement sur le handpan, la composition et la cr\u00e9ation d\u2019exp\u00e9riences musicales immersives.<\/p><p data-start=\"2472\" data-end=\"2618\">En 2026, je sors mon album <em data-start=\"2503\" data-end=\"2520\">Gnome\u2019s Journey<\/em>, un projet po\u00e9tique et musical qui sera suivi d\u2019une tourn\u00e9e dans des lieux uniques et inspirants.<\/p>\t\t\t\t\t\t\t\t<\/div>\n\t\t\t\t<\/div>\n\t\t<div class=\"elementor-element elementor-element-9232cbb e-con-full e-flex e-con e-child\" data-id=\"9232cbb\" data-element_type=\"container\" data-e-type=\"container\" data-settings=\"{&quot;background_background&quot;:&quot;classic&quot;,&quot;sticky&quot;:&quot;top&quot;,&quot;sticky_parent&quot;:&quot;yes&quot;,&quot;sticky_on&quot;:[&quot;desktop&quot;,&quot;tablet&quot;,&quot;mobile&quot;],&quot;sticky_offset&quot;:0,&quot;sticky_effects_offset&quot;:0,&quot;sticky_anchor_link_offset&quot;:0}\">\n\t\t\t\t<div class=\"elementor-element elementor-element-dc72a80 elementor-widget elementor-widget-image\" data-id=\"dc72a80\" data-element_type=\"widget\" data-e-type=\"widget\" data-widget_type=\"image.default\">\n\t\t\t\t\t\t\t\t\t\t\t\t\t\t\t<img fetchpriority=\"high\" decoding=\"async\" width=\"791\" height=\"1024\" src=\"https:\/\/brunomusician.com\/wp-content\/uploads\/2026\/02\/FS3A6516-791x1024.jpg\" class=\"attachment-large size-large wp-image-1618\" alt=\"\" srcset=\"https:\/\/brunomusician.com\/wp-content\/uploads\/2026\/02\/FS3A6516-791x1024.jpg 791w, https:\/\/brunomusician.com\/wp-content\/uploads\/2026\/02\/FS3A6516-232x300.jpg 232w, https:\/\/brunomusician.com\/wp-content\/uploads\/2026\/02\/FS3A6516-768x994.jpg 768w, https:\/\/brunomusician.com\/wp-content\/uploads\/2026\/02\/FS3A6516-1186x1536.jpg 1186w, https:\/\/brunomusician.com\/wp-content\/uploads\/2026\/02\/FS3A6516-1582x2048.jpg 1582w, https:\/\/brunomusician.com\/wp-content\/uploads\/2026\/02\/FS3A6516-scaled.jpg 1977w\" sizes=\"(max-width: 791px) 100vw, 791px\" \/>\t\t\t\t\t\t\t\t\t\t\t\t\t\t\t<\/div>\n\t\t\t\t<\/div>\n\t\t\t\t<\/div>\n\t\t\t\t\t<\/div>\n\t\t\t\t<\/div>\n\t\t\t\t<\/div>\n\t\t","protected":false},"excerpt":{"rendered":"<p>Biographie BRUNO FERREI\uf001 Percussionniste \u00b7 Batteur \u00b7 Compositeur \u00b7 Enseignant Percussionniste \u00b7 Batteur \u00b7\u00a0Compositeur \u00b7 Enseignant N\u00e9 dans une r\u00e9gion [&hellip;]<\/p>\n","protected":false},"author":1,"featured_media":0,"parent":0,"menu_order":0,"comment_status":"closed","ping_status":"closed","template":"","meta":{"site-sidebar-layout":"no-sidebar","site-content-layout":"","ast-site-content-layout":"full-width-container","site-content-style":"default","site-sidebar-style":"default","ast-global-header-display":"","ast-banner-title-visibility":"","ast-main-header-display":"","ast-hfb-above-header-display":"","ast-hfb-below-header-display":"","ast-hfb-mobile-header-display":"","site-post-title":"disabled","ast-breadcrumbs-content":"","ast-featured-img":"disabled","footer-sml-layout":"","ast-disable-related-posts":"","theme-transparent-header-meta":"default","adv-header-id-meta":"","stick-header-meta":"","header-above-stick-meta":"","header-main-stick-meta":"","header-below-stick-meta":"","astra-migrate-meta-layouts":"default","ast-page-background-enabled":"default","ast-page-background-meta":{"desktop":{"background-color":"var(--ast-global-color-5)","background-image":"","background-repeat":"repeat","background-position":"center center","background-size":"auto","background-attachment":"scroll","background-type":"","background-media":"","overlay-type":"","overlay-color":"","overlay-opacity":"","overlay-gradient":""},"tablet":{"background-color":"","background-image":"","background-repeat":"repeat","background-position":"center center","background-size":"auto","background-attachment":"scroll","background-type":"","background-media":"","overlay-type":"","overlay-color":"","overlay-opacity":"","overlay-gradient":""},"mobile":{"background-color":"","background-image":"","background-repeat":"repeat","background-position":"center center","background-size":"auto","background-attachment":"scroll","background-type":"","background-media":"","overlay-type":"","overlay-color":"","overlay-opacity":"","overlay-gradient":""}},"ast-content-background-meta":{"desktop":{"background-color":"var(--ast-global-color-4)","background-image":"","background-repeat":"repeat","background-position":"center center","background-size":"auto","background-attachment":"scroll","background-type":"","background-media":"","overlay-type":"","overlay-color":"","overlay-opacity":"","overlay-gradient":""},"tablet":{"background-color":"var(--ast-global-color-4)","background-image":"","background-repeat":"repeat","background-position":"center center","background-size":"auto","background-attachment":"scroll","background-type":"","background-media":"","overlay-type":"","overlay-color":"","overlay-opacity":"","overlay-gradient":""},"mobile":{"background-color":"var(--ast-global-color-4)","background-image":"","background-repeat":"repeat","background-position":"center center","background-size":"auto","background-attachment":"scroll","background-type":"","background-media":"","overlay-type":"","overlay-color":"","overlay-opacity":"","overlay-gradient":""}},"footnotes":""},"class_list":["post-1628","page","type-page","status-publish","hentry"],"_links":{"self":[{"href":"https:\/\/brunomusician.com\/fr\/wp-json\/wp\/v2\/pages\/1628","targetHints":{"allow":["GET"]}}],"collection":[{"href":"https:\/\/brunomusician.com\/fr\/wp-json\/wp\/v2\/pages"}],"about":[{"href":"https:\/\/brunomusician.com\/fr\/wp-json\/wp\/v2\/types\/page"}],"author":[{"embeddable":true,"href":"https:\/\/brunomusician.com\/fr\/wp-json\/wp\/v2\/users\/1"}],"replies":[{"embeddable":true,"href":"https:\/\/brunomusician.com\/fr\/wp-json\/wp\/v2\/comments?post=1628"}],"version-history":[{"count":16,"href":"https:\/\/brunomusician.com\/fr\/wp-json\/wp\/v2\/pages\/1628\/revisions"}],"predecessor-version":[{"id":1941,"href":"https:\/\/brunomusician.com\/fr\/wp-json\/wp\/v2\/pages\/1628\/revisions\/1941"}],"wp:attachment":[{"href":"https:\/\/brunomusician.com\/fr\/wp-json\/wp\/v2\/media?parent=1628"}],"curies":[{"name":"wp","href":"https:\/\/api.w.org\/{rel}","templated":true}]}}