{"id":19,"date":"2026-02-12T12:55:29","date_gmt":"2026-02-12T12:55:29","guid":{"rendered":"https:\/\/brunomusician.com\/?page_id=19"},"modified":"2026-03-05T22:55:13","modified_gmt":"2026-03-05T22:55:13","slug":"handpan","status":"publish","type":"page","link":"https:\/\/brunomusician.com\/fr\/handpan\/","title":{"rendered":"HANDPAN"},"content":{"rendered":"\t\t<div data-elementor-type=\"wp-page\" data-elementor-id=\"19\" class=\"elementor elementor-19\" data-elementor-post-type=\"page\">\n\t\t\t\t<div class=\"elementor-element elementor-element-576e463 e-con-full elementor-hidden-mobile e-flex e-con e-parent\" data-id=\"576e463\" data-element_type=\"container\" data-e-type=\"container\">\n\t\t\t\t<div class=\"elementor-element elementor-element-77ea8fb elementor-widget elementor-widget-image\" data-id=\"77ea8fb\" data-element_type=\"widget\" data-e-type=\"widget\" data-widget_type=\"image.default\">\n\t\t\t\t\t\t\t\t\t\t\t\t\t\t\t<img fetchpriority=\"high\" decoding=\"async\" width=\"1024\" height=\"307\" src=\"https:\/\/brunomusician.com\/wp-content\/uploads\/2026\/02\/Handpan-dreamer-desktop-1024x307.jpg\" class=\"attachment-large size-large wp-image-911\" alt=\"\" srcset=\"https:\/\/brunomusician.com\/wp-content\/uploads\/2026\/02\/Handpan-dreamer-desktop-1024x307.jpg 1024w, https:\/\/brunomusician.com\/wp-content\/uploads\/2026\/02\/Handpan-dreamer-desktop-300x90.jpg 300w, https:\/\/brunomusician.com\/wp-content\/uploads\/2026\/02\/Handpan-dreamer-desktop-768x230.jpg 768w, https:\/\/brunomusician.com\/wp-content\/uploads\/2026\/02\/Handpan-dreamer-desktop-1536x461.jpg 1536w, https:\/\/brunomusician.com\/wp-content\/uploads\/2026\/02\/Handpan-dreamer-desktop-2048x614.jpg 2048w\" sizes=\"(max-width: 1024px) 100vw, 1024px\" \/>\t\t\t\t\t\t\t\t\t\t\t\t\t\t\t<\/div>\n\t\t\t\t<\/div>\n\t\t<div class=\"elementor-element elementor-element-750ee1a elementor-hidden-desktop elementor-hidden-tablet e-flex e-con-boxed e-con e-parent\" data-id=\"750ee1a\" data-element_type=\"container\" data-e-type=\"container\" data-settings=\"{&quot;background_background&quot;:&quot;classic&quot;}\">\n\t\t\t\t\t<div class=\"e-con-inner\">\n\t\t\t\t\t<\/div>\n\t\t\t\t<\/div>\n\t\t<div class=\"elementor-element elementor-element-44bb95d e-flex e-con-boxed e-con e-parent\" data-id=\"44bb95d\" data-element_type=\"container\" data-e-type=\"container\" data-settings=\"{&quot;background_background&quot;:&quot;classic&quot;}\">\n\t\t\t\t\t<div class=\"e-con-inner\">\n\t\t<div class=\"elementor-element elementor-element-57936d2 e-con-full e-flex e-con e-child\" data-id=\"57936d2\" data-element_type=\"container\" data-e-type=\"container\" data-settings=\"{&quot;background_background&quot;:&quot;classic&quot;}\">\n\t\t\t\t<div class=\"elementor-element elementor-element-3155cfc elementor-widget elementor-widget-video\" data-id=\"3155cfc\" data-element_type=\"widget\" data-e-type=\"widget\" data-settings=\"{&quot;youtube_url&quot;:&quot;https:\\\/\\\/youtu.be\\\/6IrV7FNK3RQ&quot;,&quot;video_type&quot;:&quot;youtube&quot;,&quot;controls&quot;:&quot;yes&quot;}\" data-widget_type=\"video.default\">\n\t\t\t\t\t\t\t<div class=\"elementor-wrapper elementor-open-inline\">\n\t\t\t<div class=\"elementor-video\"><\/div>\t\t<\/div>\n\t\t\t\t\t\t<\/div>\n\t\t\t\t<div class=\"elementor-element elementor-element-843f6c9 elementor-hidden-desktop elementor-hidden-tablet elementor-hidden-mobile elementor-widget elementor-widget-image\" data-id=\"843f6c9\" data-element_type=\"widget\" data-e-type=\"widget\" data-widget_type=\"image.default\">\n\t\t\t\t\t\t\t\t\t\t\t\t\t\t\t<img decoding=\"async\" width=\"1024\" height=\"449\" src=\"https:\/\/brunomusician.com\/wp-content\/uploads\/2026\/02\/Image-2-1024x449.png\" class=\"attachment-large size-large wp-image-388\" alt=\"\" srcset=\"https:\/\/brunomusician.com\/wp-content\/uploads\/2026\/02\/Image-2-1024x449.png 1024w, https:\/\/brunomusician.com\/wp-content\/uploads\/2026\/02\/Image-2-300x132.png 300w, https:\/\/brunomusician.com\/wp-content\/uploads\/2026\/02\/Image-2-768x337.png 768w, https:\/\/brunomusician.com\/wp-content\/uploads\/2026\/02\/Image-2-1536x674.png 1536w, https:\/\/brunomusician.com\/wp-content\/uploads\/2026\/02\/Image-2-2048x899.png 2048w\" sizes=\"(max-width: 1024px) 100vw, 1024px\" \/>\t\t\t\t\t\t\t\t\t\t\t\t\t\t\t<\/div>\n\t\t\t\t<\/div>\n\t\t\t\t\t<\/div>\n\t\t\t\t<\/div>\n\t\t<div class=\"elementor-element elementor-element-569c334 e-flex e-con-boxed e-con e-parent\" data-id=\"569c334\" data-element_type=\"container\" data-e-type=\"container\" data-settings=\"{&quot;background_background&quot;:&quot;classic&quot;}\">\n\t\t\t\t\t<div class=\"e-con-inner\">\n\t\t<div class=\"elementor-element elementor-element-3abdc4b e-con-full e-flex e-con e-child\" data-id=\"3abdc4b\" data-element_type=\"container\" data-e-type=\"container\">\n\t\t<div class=\"elementor-element elementor-element-012c387 e-con-full e-flex e-con e-child\" data-id=\"012c387\" data-element_type=\"container\" data-e-type=\"container\">\n\t\t\t\t<div class=\"elementor-element elementor-element-2b029dd elementor-widget__width-inherit elementor-widget elementor-widget-heading\" data-id=\"2b029dd\" data-element_type=\"widget\" data-e-type=\"widget\" data-widget_type=\"heading.default\">\n\t\t\t\t\t<h2 class=\"elementor-heading-title elementor-size-default\">Handpans<\/h2>\t\t\t\t<\/div>\n\t\t\t\t<div class=\"elementor-element elementor-element-048a3d1 elementor-widget__width-inherit elementor-widget elementor-widget-heading\" data-id=\"048a3d1\" data-element_type=\"widget\" data-e-type=\"widget\" data-widget_type=\"heading.default\">\n\t\t\t\t\t<h2 class=\"elementor-heading-title elementor-size-default\">Je suis profond\u00e9ment reconnaissant de jouer des instruments Yishama.<\/h2>\t\t\t\t<\/div>\n\t\t\t\t<div class=\"elementor-element elementor-element-bf197f3 elementor-widget__width-inherit elementor-widget elementor-widget-text-editor\" data-id=\"bf197f3\" data-element_type=\"widget\" data-e-type=\"widget\" data-widget_type=\"text-editor.default\">\n\t\t\t\t\t\t\t\t\t<p data-start=\"110\" data-end=\"276\">Chaque handpan poss\u00e8de une pr\u00e9sence unique, fa\u00e7onn\u00e9 avec soin, pr\u00e9cision et passion.<br \/>Leur son me permet de me relier plus profond\u00e9ment \u00e0 moi-m\u00eame et aux autres.<\/p><p>Que ce soit en concert, en enregistrement ou dans l\u2019enseignement, ils m\u2019inspirent une musique intime, expressive et vivante.<\/p><p data-start=\"484\" data-end=\"711\">Au-del\u00e0 de mon propre parcours, je suis toujours heureux d\u2019accompagner celles et ceux qui souhaitent explorer un instrument Yishama, afin de les aider \u00e0 trouver la gamme et la sonorit\u00e9 qui leur correspondent vraiment.<\/p><p data-start=\"713\" data-end=\"753\">Utilise mon code :<br \/><span style=\"font-style: inherit;\">BRUNOLOVE<\/span><\/p>\t\t\t\t\t\t\t\t<\/div>\n\t\t\t\t<div class=\"elementor-element elementor-element-5a8031c elementor-widget elementor-widget-image\" data-id=\"5a8031c\" data-element_type=\"widget\" data-e-type=\"widget\" data-widget_type=\"image.default\">\n\t\t\t\t\t\t\t\t\t\t\t\t\t\t\t\t<a href=\"https:\/\/www.yishama.com\/?wpam_id=54\">\n\t\t\t\t\t\t\t<img decoding=\"async\" width=\"1024\" height=\"670\" src=\"https:\/\/brunomusician.com\/wp-content\/uploads\/2026\/02\/logo-yishama-brown-1-1024x670.png\" class=\"attachment-large size-large wp-image-401\" alt=\"\" srcset=\"https:\/\/brunomusician.com\/wp-content\/uploads\/2026\/02\/logo-yishama-brown-1-1024x670.png 1024w, https:\/\/brunomusician.com\/wp-content\/uploads\/2026\/02\/logo-yishama-brown-1-300x196.png 300w, https:\/\/brunomusician.com\/wp-content\/uploads\/2026\/02\/logo-yishama-brown-1-768x502.png 768w, https:\/\/brunomusician.com\/wp-content\/uploads\/2026\/02\/logo-yishama-brown-1.png 1480w\" sizes=\"(max-width: 1024px) 100vw, 1024px\" \/>\t\t\t\t\t\t\t\t<\/a>\n\t\t\t\t\t\t\t\t\t\t\t\t\t\t\t<\/div>\n\t\t\t\t<div class=\"elementor-element elementor-element-3cc071b elementor-align-center elementor-widget__width-inherit elementor-widget elementor-widget-button\" data-id=\"3cc071b\" data-element_type=\"widget\" data-e-type=\"widget\" data-widget_type=\"button.default\">\n\t\t\t\t\t\t\t\t\t\t<a class=\"elementor-button elementor-button-link elementor-size-sm\" href=\"https:\/\/www.yishama.com\/?wpam_id=54\">\n\t\t\t\t\t\t<span class=\"elementor-button-content-wrapper\">\n\t\t\t\t\t\t\t\t\t<span class=\"elementor-button-text\">Visiter le site<\/span>\n\t\t\t\t\t<\/span>\n\t\t\t\t\t<\/a>\n\t\t\t\t\t\t\t\t<\/div>\n\t\t\t\t<\/div>\n\t\t\t\t<\/div>\n\t\t\t\t\t<\/div>\n\t\t\t\t<\/div>\n\t\t<div class=\"elementor-element elementor-element-f614c85 e-flex e-con-boxed e-con e-parent\" data-id=\"f614c85\" data-element_type=\"container\" data-e-type=\"container\" data-settings=\"{&quot;background_background&quot;:&quot;classic&quot;}\">\n\t\t\t\t\t<div class=\"e-con-inner\">\n\t\t\t\t<div class=\"elementor-element elementor-element-2c1fe74 elementor-widget elementor-widget-image\" data-id=\"2c1fe74\" data-element_type=\"widget\" data-e-type=\"widget\" data-widget_type=\"image.default\">\n\t\t\t\t\t\t\t\t\t\t\t\t\t\t\t<img loading=\"lazy\" decoding=\"async\" width=\"763\" height=\"1024\" src=\"https:\/\/brunomusician.com\/wp-content\/uploads\/2026\/02\/bruno-handpan-763x1024.jpg\" class=\"attachment-large size-large wp-image-409\" alt=\"\" srcset=\"https:\/\/brunomusician.com\/wp-content\/uploads\/2026\/02\/bruno-handpan-763x1024.jpg 763w, https:\/\/brunomusician.com\/wp-content\/uploads\/2026\/02\/bruno-handpan-223x300.jpg 223w, https:\/\/brunomusician.com\/wp-content\/uploads\/2026\/02\/bruno-handpan-768x1031.jpg 768w, https:\/\/brunomusician.com\/wp-content\/uploads\/2026\/02\/bruno-handpan-1144x1536.jpg 1144w, https:\/\/brunomusician.com\/wp-content\/uploads\/2026\/02\/bruno-handpan-1525x2048.jpg 1525w, https:\/\/brunomusician.com\/wp-content\/uploads\/2026\/02\/bruno-handpan-scaled.jpg 1907w\" sizes=\"(max-width: 763px) 100vw, 763px\" \/>\t\t\t\t\t\t\t\t\t\t\t\t\t\t\t<\/div>\n\t\t\t\t\t<\/div>\n\t\t\t\t<\/div>\n\t\t<div class=\"elementor-element elementor-element-cb19f87 e-flex e-con-boxed e-con e-parent\" data-id=\"cb19f87\" data-element_type=\"container\" data-e-type=\"container\" data-settings=\"{&quot;background_background&quot;:&quot;classic&quot;}\">\n\t\t\t\t\t<div class=\"e-con-inner\">\n\t\t<div class=\"elementor-element elementor-element-7e3a986 e-con-full e-flex e-con e-child\" data-id=\"7e3a986\" data-element_type=\"container\" data-e-type=\"container\">\n\t\t<div class=\"elementor-element elementor-element-f85582d e-con-full e-flex e-con e-child\" data-id=\"f85582d\" data-element_type=\"container\" data-e-type=\"container\">\n\t\t\t\t<div class=\"elementor-element elementor-element-254ec57 elementor-widget__width-inherit elementor-widget elementor-widget-heading\" data-id=\"254ec57\" data-element_type=\"widget\" data-e-type=\"widget\" data-widget_type=\"heading.default\">\n\t\t\t\t\t<h2 class=\"elementor-heading-title elementor-size-default\">LOCATION DE HANDPAN\n<\/h2>\t\t\t\t<\/div>\n\t\t\t\t<div class=\"elementor-element elementor-element-ae8b12b elementor-widget__width-inherit elementor-widget elementor-widget-text-editor\" data-id=\"ae8b12b\" data-element_type=\"widget\" data-e-type=\"widget\" data-widget_type=\"text-editor.default\">\n\t\t\t\t\t\t\t\t\t<p data-start=\"805\" data-end=\"879\">Quelques handpans sont disponibles \u00e0 la location<br data-start=\"853\" data-end=\"856\" \/>(120 CHF par mois).<\/p><p data-start=\"881\" data-end=\"929\">N\u2019h\u00e9site pas \u00e0 me contacter si cela t\u2019int\u00e9resse.<\/p>\t\t\t\t\t\t\t\t<\/div>\n\t\t\t\t<div class=\"elementor-element elementor-element-6ce3362 elementor-align-center elementor-widget__width-inherit elementor-widget elementor-widget-button\" data-id=\"6ce3362\" data-element_type=\"widget\" data-e-type=\"widget\" data-widget_type=\"button.default\">\n\t\t\t\t\t\t\t\t\t\t<a class=\"elementor-button elementor-button-link elementor-size-sm\" href=\"mailto:contact@brunomusician.com\">\n\t\t\t\t\t\t<span class=\"elementor-button-content-wrapper\">\n\t\t\t\t\t\t\t\t\t<span class=\"elementor-button-text\">Contacte-moi<\/span>\n\t\t\t\t\t<\/span>\n\t\t\t\t\t<\/a>\n\t\t\t\t\t\t\t\t<\/div>\n\t\t\t\t<\/div>\n\t\t<div class=\"elementor-element elementor-element-c257020 e-con-full e-flex e-con e-child\" data-id=\"c257020\" data-element_type=\"container\" data-e-type=\"container\">\n\t\t\t\t<div class=\"elementor-element elementor-element-afe303e elementor-widget__width-inherit elementor-widget elementor-widget-heading\" data-id=\"afe303e\" data-element_type=\"widget\" data-e-type=\"widget\" data-widget_type=\"heading.default\">\n\t\t\t\t\t<h2 class=\"elementor-heading-title elementor-size-default\">SUPPORTS POUR HANDPAN<\/h2>\t\t\t\t<\/div>\n\t\t\t\t<div class=\"elementor-element elementor-element-d4721c7 elementor-widget__width-inherit elementor-widget elementor-widget-text-editor\" data-id=\"d4721c7\" data-element_type=\"widget\" data-e-type=\"widget\" data-widget_type=\"text-editor.default\">\n\t\t\t\t\t\t\t\t\t<p data-start=\"1060\" data-end=\"1293\">Mes supports sont fabriqu\u00e9s en bois, l\u00e9gers et esth\u00e9tiques, mais surtout tr\u00e8s simples et pratiques \u00e0 utiliser. Ils sont rapides \u00e0 installer, tout particuli\u00e8rement lorsque tu joues avec les notes du dessous car ils ne bloquent pas la r\u00e9sonance de l\u2019instrument ni le mouvement du corps.<\/p><p data-start=\"1384\" data-end=\"1425\">Code : <br \/>BRUNOSTAND<\/p>\t\t\t\t\t\t\t\t<\/div>\n\t\t\t\t<div class=\"elementor-element elementor-element-e423e89 elementor-widget elementor-widget-image\" data-id=\"e423e89\" data-element_type=\"widget\" data-e-type=\"widget\" data-widget_type=\"image.default\">\n\t\t\t\t\t\t\t\t\t\t\t\t\t\t\t\t<a href=\"https:\/\/atlashandpan.com\/en\">\n\t\t\t\t\t\t\t<img loading=\"lazy\" decoding=\"async\" width=\"300\" height=\"55\" src=\"https:\/\/brunomusician.com\/wp-content\/uploads\/2026\/02\/atlas-stand-logo-1.png\" class=\"attachment-large size-large wp-image-1128\" alt=\"\" \/>\t\t\t\t\t\t\t\t<\/a>\n\t\t\t\t\t\t\t\t\t\t\t\t\t\t\t<\/div>\n\t\t\t\t<div class=\"elementor-element elementor-element-aff0d1d elementor-align-center elementor-widget__width-inherit elementor-widget elementor-widget-button\" data-id=\"aff0d1d\" data-element_type=\"widget\" data-e-type=\"widget\" data-widget_type=\"button.default\">\n\t\t\t\t\t\t\t\t\t\t<a class=\"elementor-button elementor-button-link elementor-size-sm\" href=\"https:\/\/atlashandpan.com\/en\">\n\t\t\t\t\t\t<span class=\"elementor-button-content-wrapper\">\n\t\t\t\t\t\t\t\t\t<span class=\"elementor-button-text\">Visiter le site<\/span>\n\t\t\t\t\t<\/span>\n\t\t\t\t\t<\/a>\n\t\t\t\t\t\t\t\t<\/div>\n\t\t\t\t<\/div>\n\t\t\t\t<\/div>\n\t\t\t\t\t<\/div>\n\t\t\t\t<\/div>\n\t\t\t\t<\/div>\n\t\t","protected":false},"excerpt":{"rendered":"<p>https:\/\/youtu.be\/6IrV7FNK3RQ Handpans Je suis profond\u00e9ment reconnaissant de jouer des instruments Yishama. Chaque handpan poss\u00e8de une pr\u00e9sence unique, fa\u00e7onn\u00e9 avec soin, [&hellip;]<\/p>\n","protected":false},"author":1,"featured_media":0,"parent":0,"menu_order":0,"comment_status":"closed","ping_status":"closed","template":"","meta":{"site-sidebar-layout":"no-sidebar","site-content-layout":"","ast-site-content-layout":"full-width-container","site-content-style":"default","site-sidebar-style":"default","ast-global-header-display":"","ast-banner-title-visibility":"","ast-main-header-display":"","ast-hfb-above-header-display":"","ast-hfb-below-header-display":"","ast-hfb-mobile-header-display":"","site-post-title":"disabled","ast-breadcrumbs-content":"","ast-featured-img":"disabled","footer-sml-layout":"","ast-disable-related-posts":"","theme-transparent-header-meta":"default","adv-header-id-meta":"","stick-header-meta":"","header-above-stick-meta":"","header-main-stick-meta":"","header-below-stick-meta":"","astra-migrate-meta-layouts":"set","ast-page-background-enabled":"default","ast-page-background-meta":{"desktop":{"background-color":"var(--ast-global-color-5)","background-image":"","background-repeat":"repeat","background-position":"center center","background-size":"auto","background-attachment":"scroll","background-type":"","background-media":"","overlay-type":"","overlay-color":"","overlay-opacity":"","overlay-gradient":""},"tablet":{"background-color":"","background-image":"","background-repeat":"repeat","background-position":"center center","background-size":"auto","background-attachment":"scroll","background-type":"","background-media":"","overlay-type":"","overlay-color":"","overlay-opacity":"","overlay-gradient":""},"mobile":{"background-color":"","background-image":"","background-repeat":"repeat","background-position":"center center","background-size":"auto","background-attachment":"scroll","background-type":"","background-media":"","overlay-type":"","overlay-color":"","overlay-opacity":"","overlay-gradient":""}},"ast-content-background-meta":{"desktop":{"background-color":"var(--ast-global-color-4)","background-image":"","background-repeat":"repeat","background-position":"center center","background-size":"auto","background-attachment":"scroll","background-type":"","background-media":"","overlay-type":"","overlay-color":"","overlay-opacity":"","overlay-gradient":""},"tablet":{"background-color":"var(--ast-global-color-4)","background-image":"","background-repeat":"repeat","background-position":"center center","background-size":"auto","background-attachment":"scroll","background-type":"","background-media":"","overlay-type":"","overlay-color":"","overlay-opacity":"","overlay-gradient":""},"mobile":{"background-color":"var(--ast-global-color-4)","background-image":"","background-repeat":"repeat","background-position":"center center","background-size":"auto","background-attachment":"scroll","background-type":"","background-media":"","overlay-type":"","overlay-color":"","overlay-opacity":"","overlay-gradient":""}},"footnotes":""},"class_list":["post-19","page","type-page","status-publish","hentry"],"_links":{"self":[{"href":"https:\/\/brunomusician.com\/fr\/wp-json\/wp\/v2\/pages\/19","targetHints":{"allow":["GET"]}}],"collection":[{"href":"https:\/\/brunomusician.com\/fr\/wp-json\/wp\/v2\/pages"}],"about":[{"href":"https:\/\/brunomusician.com\/fr\/wp-json\/wp\/v2\/types\/page"}],"author":[{"embeddable":true,"href":"https:\/\/brunomusician.com\/fr\/wp-json\/wp\/v2\/users\/1"}],"replies":[{"embeddable":true,"href":"https:\/\/brunomusician.com\/fr\/wp-json\/wp\/v2\/comments?post=19"}],"version-history":[{"count":146,"href":"https:\/\/brunomusician.com\/fr\/wp-json\/wp\/v2\/pages\/19\/revisions"}],"predecessor-version":[{"id":2003,"href":"https:\/\/brunomusician.com\/fr\/wp-json\/wp\/v2\/pages\/19\/revisions\/2003"}],"wp:attachment":[{"href":"https:\/\/brunomusician.com\/fr\/wp-json\/wp\/v2\/media?parent=19"}],"curies":[{"name":"wp","href":"https:\/\/api.w.org\/{rel}","templated":true}]}}